{"id":10493,"date":"2017-01-25T14:41:54","date_gmt":"2017-01-25T20:41:54","guid":{"rendered":"https:\/\/castillo.cr\/contenido\/?page_id=10493"},"modified":"2017-01-25T17:12:14","modified_gmt":"2017-01-25T23:12:14","slug":"aporte-extraordinario-de-capital","status":"publish","type":"page","link":"https:\/\/castillo.cr\/contenido\/aporte-extraordinario-de-capital\/","title":{"rendered":"Aporte Extraordinario de Capital"},"content":{"rendered":"<p>&nbsp;<\/p>\n<p><a href=\"https:\/\/castillo.cr\/contenido\/wp-content\/uploads\/2017\/01\/Aporte-ExtraO-FB.jpg\"><img loading=\"lazy\" decoding=\"async\" class=\"aligncenter size-full wp-image-10491\" alt=\"Aporte ExtraO FB\" src=\"https:\/\/castillo.cr\/contenido\/wp-content\/uploads\/2017\/01\/Aporte-ExtraO-FB.jpg\" width=\"800\" height=\"585\" \/><\/a><\/p>\n<p><strong><span style=\"text-decoration: underline;\"><a href=\"https:\/\/castillo.cr\/contenido\/wp-content\/uploads\/2016\/12\/2016-ACUERDOS-ASAMBLEA-10-12-2016.pdf\">DESCARGUE LOS ACUERDOS DE ASAMBLEA AQU\u00cd.<\/a><\/span><\/strong><\/p>\n<p><span style=\"text-decoration: underline;\"><em><strong>PREGUNTAS FRECUENTES, PROYECTO PISCINA SEMIOLIMPICA<\/strong><\/em><\/span><\/p>\n<p><strong><span style=\"color: #888888;\">\u00bfPor que se cre\u00f3 el proyecto de la \u00abPiscina Semiolimpica?<\/span><\/strong><\/p>\n<p>&#8211; Como objetivo primordial de este proyecto, podemos citar la necesidad de\u00a0devolverle al socio la piscina recreativa, sin interrumpir el espacio de\u00a0descanso y sin crear inconvenientes con las clases, de esta manera se separan ambas actividades y se cubren todas las necesidades de los socios activos.<\/p>\n<p><strong><\/strong>&#8211; El Club tiene una importante necesidad de\u00a0brindar opciones aptas a los socios en el tema de clases, ya que la piscina actual no cuenta con las condiciones de espacio ni temperatura adecuada.<\/p>\n<p>&#8211; Existe una <b>poblaci\u00f3n creciente <\/b>con inter\u00e9s de recibir clases ya que actualmente la nataci\u00f3n y sus diferentes modalidades de ejercicios en la piscina\u00a0se utilizan no solo\u00a0con fines deportivos, si no tambi\u00e9n\u00a0terap\u00e9uticos y de esparcimiento.<\/p>\n<p>&#8211; La piscina, como una de las principales atracciones del Club, cuenta con una gran cantidad de usuario.<\/p>\n<p><strong>\u00bfQuien lo aprob\u00f3?<\/strong><\/p>\n<p>El proyecto fue sometido a votaci\u00f3n en la Asamblea realizada el 10 de Diciembre, 2016 y aprobado por el m\u00e1ximo \u00f3rgano soberano, La Asamblea de socios.<\/p>\n<p><b>\u00bfCu\u00e1ndo inicia la construcci\u00f3n?<\/b><\/p>\n<p>El proyecto ya dio inicio, se encuentra en etapa de confecci\u00f3n de planos, tr\u00e1mites, confecci\u00f3n de carteles y permisos, entre otros. Se estima que la construcci\u00f3n de la misma inicie al rededor del mes de julio.<\/p>\n<p><b>\u00bfQui\u00e9nes usar\u00e1n la Piscina?<\/b><\/p>\n<p><b><\/b>Al no tener a\u00fan la piscina construida y por lo tanto no hay una operaci\u00f3n vigente, se propondr\u00e1 aplicar la pol\u00edtica actual de la piscina recreativa, sin embargo la experiencia nos dictar\u00e1 la manera id\u00f3nea de regular su uso, ya que se deben definir detalles como horarios, cantidad de clases o usuarios entre otros.<\/p>\n<p><b>Reglamentaci\u00f3n para el\u00a0 Uso de la Piscina<\/b><\/p>\n<p>Se dise\u00f1a y aprobar\u00e1 un reglamento de uso que abarcar\u00eda aspectos como:<\/p>\n<p>&#8211; Horario por tipo de actividad<\/p>\n<p>&#8211; Garant\u00eda de uso por parte de toda la sociedad seg\u00fan horarios y d\u00edas de alto tr\u00e1nsito<\/p>\n<p>&#8211; Tiempos para clases \/ disfrute<\/p>\n<p>&#8211; Funcionamiento (socios e invitados)<\/p>\n<p>&#8211; Conducta<\/p>\n<p><b>\u00bfCu\u00e1nto cuesta la piscina semiolimpica?<\/b><\/p>\n<p><i><span style=\"text-decoration: underline;\">\u20a1801,000,000<\/span><\/i><\/p>\n<p><b>\u00bfCu\u00e1nto es el aporte?\/\u00bfC\u00f3mo lo calcularon?<\/b><\/p>\n<p><a href=\"https:\/\/castillo.cr\/contenido\/wp-content\/uploads\/2017\/01\/Captura2.jpg\"><img loading=\"lazy\" decoding=\"async\" class=\"aligncenter size-full wp-image-10497\" alt=\"Captura2\" src=\"https:\/\/castillo.cr\/contenido\/wp-content\/uploads\/2017\/01\/Captura2.jpg\" width=\"741\" height=\"156\" srcset=\"https:\/\/castillo.cr\/contenido\/wp-content\/uploads\/2017\/01\/Captura2.jpg 741w, https:\/\/castillo.cr\/contenido\/wp-content\/uploads\/2017\/01\/Captura2-300x63.jpg 300w, https:\/\/castillo.cr\/contenido\/wp-content\/uploads\/2017\/01\/Captura2-624x131.jpg 624w\" sizes=\"auto, (max-width: 741px) 100vw, 741px\" \/><\/a><\/p>\n<p><b>\u00bfCambiar\u00e1 la cuota durante el tiempo?<\/b><\/p>\n<p>No, este es un monto mensual que se mantiene fijo durante los cinco a\u00f1os de plazo<\/p>\n<p><b>\u00bfQui\u00e9nes pagan el aporte extraordinario de capital?<\/b><\/p>\n<p>-Acciones comunes al d\u00eda y morosas*<br \/>\n-Acciones privilegiadas activas y sin activar al d\u00eda y morosas*.<br \/>\n-Acciones no comunes activas y sin activar al d\u00eda y morosas*.<\/p>\n<p>&#8211; Socios con m\u00e1s de una acci\u00f3n, paga por cada una el aporte<\/p>\n<p>&#8211; Usufructos<\/p>\n<p>&#8211; Comodatos al momento de cancelar o antes<\/p>\n<p>&#8211; *Hibernaci\u00f3n e inactivas, atendidas por el departamento de Cobros.<\/p>\n<p><b>\u00bfCu\u00e1ndo se empieza a pagar?<\/b><\/p>\n<p>A partir del mes de febrero del 2017.<\/p>\n<p><b>\u00bfC\u00f3mo puedo pagar?<\/b><\/p>\n<p>&#8211; Dep\u00f3sitos o transferencias bancarias.<br \/>\n&#8211; Cajas del club.<br \/>\n&#8211; Cargo Autom\u00e1tico <i>(Tiene que afiliar la cuota de mantenimiento al mismo sistema de pago).<\/i><br \/>\n&#8211; Pagos web.<br \/>\n&#8211; Conectividad con BN o BAC.<br \/>\n&#8211; Cobrador.<\/p>\n<p><b>\u00bfQue pasa si el proyecto cuesta m\u00e1s \u00f3 menos?, \u00bfQu\u00e9 pasa con la cuota?<\/b><\/p>\n<p>Con la cuota no suceder\u00e1 nada.\u00a0En caso de un costo adicional, debe ser cubierto con fondos propios e informado a la Asamblea<\/p>\n<p>En caso de un costo menor, se informar\u00e1 a la Asamblea y es la asamblea la que decide qu\u00e9 hacer con el dinero<\/p>\n<p><b>\u00bfD\u00f3nde se podr\u00e1n evacuar dudas o realizar solicitudes de pago?<\/b><\/p>\n<p>Puede evacuar sus dudas al correo\u00a0<a href=\"mailto:proyectopiscina@castillo.cr\">proyectopiscina@castillo.cr<\/a>, en la oficina de Atenci\u00f3n al Socio y en la oficina de cobros especializada en este tema, ubicada junto al sal\u00f3n La Princesa.<\/p>\n<p>La cancelaci\u00f3n del monto puede hacerlo en los mismos punto de pago d\u00f3nde cancela su cuota de mantenimiento.<\/p>\n<p><b>\u00bfQue sucede si no pago?<\/b><\/p>\n<p><b><\/b>Seg\u00fan el punto A de los acuerdos adoptados por la Asamblea General Extraordinaria, el pasado 10 de diciembre del 2016, se extrae:<\/p>\n<p><i><span style=\"text-decoration: underline;\">\u201c\u2026autorizar a la administraci\u00f3n para que a partir de la fecha de vigencia de esta obligaci\u00f3n, los socios morosos no puedan hacer uso de las instalaciones ni servicios del club\u2026\u201d.\u00a0<\/span><\/i><\/p>\n<p><b>\u00bfD\u00f3nde avisaron, cu\u00e1ndo?<\/b><\/p>\n<p>Se utilizaron todos lo medio de comunicaci\u00f3n con los que cuenta el Club, entre ellos Informes de Asamblea, Redes sociales , Correo electr\u00f3nico, Afiches, P\u00e1gina Web, Pantallas, Caballetes, Volantes, <i>G<\/i><i>esti\u00f3n de cobro entre otros.<\/i><\/p>\n<p><b>\u00bfCu\u00e1l es el incremento real en el valor de mi acci\u00f3n?<\/b><\/p>\n<p><a href=\"https:\/\/castillo.cr\/contenido\/wp-content\/uploads\/2017\/01\/Captura3.jpg\"><img loading=\"lazy\" decoding=\"async\" class=\"aligncenter size-large wp-image-10500\" alt=\"Captura3\" src=\"https:\/\/castillo.cr\/contenido\/wp-content\/uploads\/2017\/01\/Captura3-1024x355.jpg\" width=\"625\" height=\"216\" \/><\/a><\/p>\n<p><b>\u00bfCu\u00e1l ser\u00e1 la ubicaci\u00f3n de la piscina semiolimpica?<\/b><\/p>\n<p><a href=\"https:\/\/castillo.cr\/contenido\/wp-content\/uploads\/2017\/01\/mapa.jpg\"><img loading=\"lazy\" decoding=\"async\" class=\"aligncenter size-full wp-image-10501\" alt=\"mapa\" src=\"https:\/\/castillo.cr\/contenido\/wp-content\/uploads\/2017\/01\/mapa.jpg\" width=\"982\" height=\"606\" srcset=\"https:\/\/castillo.cr\/contenido\/wp-content\/uploads\/2017\/01\/mapa.jpg 982w, https:\/\/castillo.cr\/contenido\/wp-content\/uploads\/2017\/01\/mapa-300x185.jpg 300w, https:\/\/castillo.cr\/contenido\/wp-content\/uploads\/2017\/01\/mapa-624x385.jpg 624w\" sizes=\"auto, (max-width: 982px) 100vw, 982px\" \/><\/a><\/p>\n<p>&nbsp;<\/p>\n<p>&nbsp;<\/p>\n","protected":false},"excerpt":{"rendered":"<p>&nbsp; DESCARGUE LOS ACUERDOS DE ASAMBLEA AQU\u00cd. PREGUNTAS FRECUENTES, PROYECTO PISCINA SEMIOLIMPICA \u00bfPor que se cre\u00f3 el proyecto de la \u00abPiscina Semiolimpica? &#8211; Como objetivo primordial de este proyecto, podemos citar la necesidad de\u00a0devolverle al socio la piscina recreativa, sin interrumpir el espacio de\u00a0descanso y sin crear inconvenientes con las clases, de esta manera se &hellip; <a href=\"https:\/\/castillo.cr\/contenido\/aporte-extraordinario-de-capital\/\" class=\"more-link\">Seguir leyendo <span class=\"screen-reader-text\">Aporte Extraordinario de Capital<\/span> <span class=\"meta-nav\">&rarr;<\/span><\/a><\/p>\n","protected":false},"author":1,"featured_media":0,"parent":0,"menu_order":0,"comment_status":"open","ping_status":"open","template":"","meta":{"_acf_changed":false,"footnotes":""},"class_list":["post-10493","page","type-page","status-publish","hentry"],"acf":[],"aioseo_notices":[],"_links":{"self":[{"href":"https:\/\/castillo.cr\/contenido\/wp-json\/wp\/v2\/pages\/10493","targetHints":{"allow":["GET"]}}],"collection":[{"href":"https:\/\/castillo.cr\/contenido\/wp-json\/wp\/v2\/pages"}],"about":[{"href":"https:\/\/castillo.cr\/contenido\/wp-json\/wp\/v2\/types\/page"}],"author":[{"embeddable":true,"href":"https:\/\/castillo.cr\/contenido\/wp-json\/wp\/v2\/users\/1"}],"replies":[{"embeddable":true,"href":"https:\/\/castillo.cr\/contenido\/wp-json\/wp\/v2\/comments?post=10493"}],"version-history":[{"count":7,"href":"https:\/\/castillo.cr\/contenido\/wp-json\/wp\/v2\/pages\/10493\/revisions"}],"predecessor-version":[{"id":10504,"href":"https:\/\/castillo.cr\/contenido\/wp-json\/wp\/v2\/pages\/10493\/revisions\/10504"}],"wp:attachment":[{"href":"https:\/\/castillo.cr\/contenido\/wp-json\/wp\/v2\/media?parent=10493"}],"curies":[{"name":"wp","href":"https:\/\/api.w.org\/{rel}","templated":true}]}}