{"id":1068,"date":"2014-03-13T02:52:08","date_gmt":"2014-03-13T02:52:08","guid":{"rendered":"https:\/\/castillo.cr\/contenido\/?page_id=1068"},"modified":"2024-08-16T12:43:46","modified_gmt":"2024-08-16T18:43:46","slug":"formularios-y-requisitos","status":"publish","type":"page","link":"https:\/\/castillo.cr\/contenido\/formularios-y-requisitos\/","title":{"rendered":"Formularios y Requisitos"},"content":{"rendered":"<p><a href=\"https:\/\/castillo.cr\/contenido\/wp-content\/uploads\/2019\/11\/CASTILLO-COUNTRY-CLUB-ACCIONES-JULIO-19-A-DICIEMBRE-19.pdf\" target=\"_blank\" rel=\"noopener\">Acciones Castillo Country Club<\/a><\/p>\n<p><a href=\"http:\/\/www.castillo.cr\/descargables\/contrato-de-sesion-de-capital-social.pdf\" target=\"_blank\" rel=\"noopener\">Contrato de sesi\u00f3n de capital social<\/a><\/p>\n<p><a href=\"https:\/\/castillo.cr\/contenido\/wp-content\/uploads\/2014\/03\/Cuentas-Bancarias-Castillo-Country-Club.pdf\">Cuentas bancarias Castillo Country Club<\/a><\/p>\n<p><a href=\"https:\/\/castillo.cr\/contenido\/wp-content\/uploads\/2014\/03\/DECLARACI\u00d3N-JURADA-HIJOS-MAYORES-DE-18-A\u00d1OS.pdf\" target=\"_blank\" rel=\"noopener\">Declaraci\u00f3n jurada hijos mayores de edad<\/a><\/p>\n<p><a href=\"http:\/\/www.castillo.cr\/descargables\/declaracion-jurada-para-invitado-familiar.pdf\" target=\"_blank\" rel=\"noopener\">Declaraci\u00f3n jurada para invitado familiar<\/a><\/p>\n<p><a href=\"https:\/\/castillo.cr\/contenido\/wp-content\/uploads\/2014\/03\/Especificaciones-de-carta-de-recomendaci\u00f3n.pdf\" target=\"_blank\" rel=\"noopener\">Especificaciones de carta de recomendaci\u00f3n<\/a><\/p>\n<p><a href=\"https:\/\/castillo.cr\/contenido\/wp-content\/uploads\/2014\/03\/FORMULARIO-SOLICITUD-DE-INGRESO-v.-4-.pdf\" target=\"_blank\" rel=\"noopener\">Formulario de solicitud de ingreso para nuevos socios<\/a><\/p>\n<p><a href=\"https:\/\/castillo.cr\/contenido\/wp-content\/uploads\/2014\/03\/Pasaporte-Familiar-caracter\u00edsticas.pdf\" target=\"_blank\" rel=\"noopener\">Pasaporte familiar<\/a><\/p>\n<p>Procedimiento para acci\u00f3n en usufructo<\/p>\n<p><a href=\"https:\/\/castillo.cr\/contenido\/wp-content\/uploads\/2019\/11\/REQUISITOS-NUEVOS-SOCIOS-NOV-19.pdf\" target=\"_blank\" rel=\"noopener\">Requisitos para nuevos accionistas<\/a><\/p>\n<p><a href=\"https:\/\/castillo.cr\/contenido\/wp-content\/uploads\/2014\/03\/Requisitos-para-renovacion-de-carnet-de-beneficiarios-2016.pdf\" target=\"_blank\" rel=\"noopener\">Requisitos para renovaci\u00f3n de carnet de beneficiarios<\/a><\/p>\n<p><a href=\"http:\/\/www.castillo.cr\/descargables\/requisitos-para-traspaso-de-accion-de-a-nombre-de-una-sociedad.pdf\" target=\"_blank\" rel=\"noopener\">Requisitos para traspaso de acci\u00f3n de a nombre de una sociedad<\/a><\/p>\n<p><a href=\"http:\/\/www.castillo.cr\/descargables\/requisitos-para-traspaso-de-accion-en-condicion-pro-tempore.pdf\" target=\"_blank\" rel=\"noopener\">Requisitos para traspaso de acci\u00f3n en condici\u00f3n pro-tempore<\/a><\/p>\n<p><a href=\"http:\/\/www.castillo.cr\/descargables\/requisitos-para-traspso-de-accion.pdf\" target=\"_blank\" rel=\"noopener\">Requisitos para traspaso de acci\u00f3n<\/a><\/p>\n<p>Requisitos para tr\u00e1mite de usufructo<\/p>\n<p><a href=\"http:\/\/www.castillo.cr\/descargables\/solicitud-para-ingresar-a-acampar.pdf\" target=\"_blank\" rel=\"noopener\">Solicitud para ingresar a acampar<\/a><\/p>\n<p><a href=\"https:\/\/castillo.cr\/contenido\/wp-content\/uploads\/2019\/11\/TABLA-DE-PRIMAS-FINANCIAMIENTO-JULIO19-DICIEMBRE19.pdf\">Tabla de financiamiento&nbsp;<\/a><\/p>\n<p>&nbsp;<\/p>\n<p>&nbsp;<\/p>\n<p>&nbsp;<\/p>\n","protected":false},"excerpt":{"rendered":"<p>Acciones Castillo Country Club Contrato de sesi\u00f3n de capital social Cuentas bancarias Castillo Country Club Declaraci\u00f3n jurada hijos mayores de edad Declaraci\u00f3n jurada para invitado familiar Especificaciones de carta de recomendaci\u00f3n Formulario de solicitud de ingreso para nuevos socios Pasaporte familiar Procedimiento para acci\u00f3n en usufructo Requisitos para nuevos accionistas Requisitos para renovaci\u00f3n de carnet &hellip; <a href=\"https:\/\/castillo.cr\/contenido\/formularios-y-requisitos\/\" class=\"more-link\">Seguir leyendo <span class=\"screen-reader-text\">Formularios y Requisitos<\/span> <span class=\"meta-nav\">&rarr;<\/span><\/a><\/p>\n","protected":false},"author":1,"featured_media":0,"parent":0,"menu_order":0,"comment_status":"open","ping_status":"open","template":"","meta":{"_acf_changed":false,"footnotes":""},"class_list":["post-1068","page","type-page","status-publish","hentry"],"acf":[],"aioseo_notices":[],"_links":{"self":[{"href":"https:\/\/castillo.cr\/contenido\/wp-json\/wp\/v2\/pages\/1068","targetHints":{"allow":["GET"]}}],"collection":[{"href":"https:\/\/castillo.cr\/contenido\/wp-json\/wp\/v2\/pages"}],"about":[{"href":"https:\/\/castillo.cr\/contenido\/wp-json\/wp\/v2\/types\/page"}],"author":[{"embeddable":true,"href":"https:\/\/castillo.cr\/contenido\/wp-json\/wp\/v2\/users\/1"}],"replies":[{"embeddable":true,"href":"https:\/\/castillo.cr\/contenido\/wp-json\/wp\/v2\/comments?post=1068"}],"version-history":[{"count":41,"href":"https:\/\/castillo.cr\/contenido\/wp-json\/wp\/v2\/pages\/1068\/revisions"}],"predecessor-version":[{"id":23421,"href":"https:\/\/castillo.cr\/contenido\/wp-json\/wp\/v2\/pages\/1068\/revisions\/23421"}],"wp:attachment":[{"href":"https:\/\/castillo.cr\/contenido\/wp-json\/wp\/v2\/media?parent=1068"}],"curies":[{"name":"wp","href":"https:\/\/api.w.org\/{rel}","templated":true}]}}