{"id":1230,"date":"2014-04-15T16:13:04","date_gmt":"2014-04-15T16:13:04","guid":{"rendered":"https:\/\/castillo.cr\/contenido\/?page_id=1230"},"modified":"2025-07-21T11:26:33","modified_gmt":"2025-07-21T17:26:33","slug":"filosofia-corporativa","status":"publish","type":"page","link":"https:\/\/castillo.cr\/contenido\/filosofia-corporativa\/","title":{"rendered":"Filosof\u00eda corporativa"},"content":{"rendered":"<div class=\"destacado\">\n<p class=\"contSpan\"><span>Filosof\u00cda<\/span><br \/>\n<span>corporativa<\/span><\/p>\n<p class=\"italicDestacado\">En una zona privilegiada en Los \u00c1ngeles de San Rafael de Heredia en un \u00e1rea de 26.5 hect\u00e1reas, rodeada por pinos y cipreses, se alojan, entre otras cosas:<\/p>\n<\/div>\n<p>La Casa Club, sus instalaciones cubiertas incluyen dos piscinas con calefacci\u00f3n, una para adultos y otra para ni\u00f1os, SPA, ba\u00f1os, saunas, sala de juegos, gimnasio biomec\u00e1nicas, dos salones formales para fiestas, adem\u00e1s de los Restaurantes: La Reina, El Fort\u00edn, Snack Club, La Cajuela, La Pollera y la Cueva.<\/p>\n<p>Dentro de las instalaciones destaca su pista de patinaje sobre hielo, uno de los principales atractivos de El Castillo, en su momento \u00fanica en Centroam\u00e9rica, cuenta con iluminaci\u00f3n de altura y reflectores especiales, direccionales, que permiten seguir las coreograf\u00edas de los espect\u00e1culos de patinaje, y se complementa con sistemas de sonido que cubren toda la instalaci\u00f3n.<\/p>\n<p>El Castillo de piedra, el elemento visual art\u00edstico y m\u00e1s representativo del Club es otro de los atractivos principales, en el encontramos muebles del siglo XVI, una capilla de \u00c9poca, con un Cristo que data del per\u00edodo colonial; tambi\u00e9n hay un comedor tallado en maderas preciosas; adem\u00e1s posee pasajes secretos que lo convierten en \u201ccasa de sustos\u201d, y que los ni\u00f1os llenan con risas y gritos, pues han hecho de ese lugar uno de sus sitios preferidos.<\/p>\n<p>Socios e invitados disponen de mucho m\u00e1s para el esparcimiento en el Club. Existen 55 ranchos peque\u00f1os con una capacidad de 10 personas m\u00e1ximo y 17 ranchos grandes algunos con diferentes capacidades que van desde 20 a 50 personas, y cinco ranchos acondicionados con servicio sanitario, los cuales est\u00e1n ubicados en los alrededores y que ofrecen un ambiente ideal para el disfrute de deliciosas comidas en familia y con invitados.<\/p>\n<p>Disponemos de dos canchas de tenis al aire libre y dos canchas techadas; una cancha multiuso, parqueos, un sendero denominado Ciclo Vital, un lago y un trencito que recorre algunas \u00e1reas del Club, adem\u00e1s en el terreno nuevo se encuentra el campo de Mini Golf con 18 hoyos.<\/p>\n<p>Las amplias zonas verdes permiten el disfrute de actividades recreativas y adem\u00e1s la Administraci\u00f3n organiza y promueve actividades especiales, que enriquecen el esparcimiento de la familia.<\/p>\n<div class=\"destacado\">\n<p class=\"contSpan\"><span>Historia<\/span><\/p>\n<p class=\"italicDestacado\">Los Clubes sociales empezaron a formarse en Costa Rica en 1910 y fue el 12 de agosto de 1971 que se fund\u00f3 la Sociedad An\u00f3nima Castillo Country Club, entidad regida por las leyes de Costa Rica.<\/p>\n<\/div>\n<p>Su primera Junta Directiva, nombrada para un per\u00edodo de seis a\u00f1os, estuvo constituida por: \u00c1lvaro Batalla Esquivel, Rafael \u00c1ngel Jim\u00e9nez Fajardo, Francisco Font Ulloa, Carlos Beirute Peralta, Guido Flores Lara, Gustavo Iglesias Seller, \u00c1lvaro Garc\u00eda Mora y Roig Mora Ch\u00e1vez.<\/p>\n<p>En octubre de 1971, un grupo de personas, propietarios del 99% de las acciones de la Sociedad Castillo Country Club, convencidos que la sociedad costarricense ten\u00eda la necesidad social, deportiva e institucional de un ente de reuni\u00f3n que fuera un centro propiciador y contribuyente a la unidad familiar, concibieron la idea original de crear un Club de monta\u00f1a, \u00fanico en todo Centroam\u00e9rica, en ese tiempo, y para hacerlo realidad adquirieron una finca de 32 manzanas, en una zona privilegiada de Los \u00c1ngeles de San Rafael de Heredia, a 1.800 metros de altura, con una temperatura promedio de 20 a 22 grados cent\u00edgrados, y fue ah\u00ed, en una inmensa monta\u00f1a y grandes potreros, que hoy es un \u00e1rea de bellos jardines y hermosas edificaciones, comenz\u00f3 a gestarse el gran proyecto hoy el Castillo Country Club, cuyo nombre se deriva de El Castillo que estaba en esta propiedad, construido en 1935 y que es copia fiel de un castillo europeo.<\/p>\n<p>La Asamblea General de Accionistas del Castillo Country Club, celebrada en San Jos\u00e9 a las ocho horas del veintitr\u00e9s de octubre de 1971, ratific\u00f3 el convenio suscrito el 13 de agosto de 1971 con la empresa CONSORCIO CENTROAMERICANO DE INVERSIONES, para realizar las siguientes obras:<\/p>\n<p>Remodelaci\u00f3n de El Castillo, que ya exist\u00eda, construir un edificio de cuatro a cinco mil metros de \u00e1rea, con arquitectura tipo alpino, provisto de restaurante, bar, \u00e1rea de servicios, oficina, cocina, pista de patinaje sobre hielo, guardarropas, \u00e1rea para juegos de mesa, piscina cubierta con temperatura controlada, 21 ranchos, dos servicios sanitarios en \u00e1rea verde, pista de Go Kart, tendido de ca\u00f1er\u00eda, dise\u00f1o y construcci\u00f3n de un tren miniatura para ni\u00f1os, estacionamientos pavimentados, asfaltado de calle de la entrada, dise\u00f1o, construcci\u00f3n de la calle de salida y el tramo de doble v\u00eda desde la entrada, provisi\u00f3n de l\u00edneas trif\u00e1sicas, telef\u00f3nicas, iluminaci\u00f3n exterior de las calles, \u00e1rea para juegos al aire libre, construcci\u00f3n de jard\u00edn de ni\u00f1os, hechura de jardines, enzacatado en toda la finca.<\/p>\n<p>Mientras se constru\u00edan las obras, los primeros socios departieron sus visitas en el Rancho El Por\u00f3, llamados actualmente restaurante de comidas t\u00edpicas La Pollera y el Bar la Cueva, hoy Taberna La Cueva.<\/p>\n<p>Con el transcurso de los a\u00f1os se visualizaron otras necesidades de los socios, raz\u00f3n por la que se construyeron nuevas obras, para brindar nuevos servicios, entre ellos: el gimnasio deportivo, el gimnasio biomec\u00e1nico, la cancha de baloncesto, nuevos ranchos familiares llegando hoy a una totalidad de 58, instalaciones de vidrios en los ventanales del pasillo, bodegas para almacenamiento, canchas de tenis, remodelaci\u00f3n de La Taberna, construcci\u00f3n de la Capilla, construcci\u00f3n de rotonda, nueva \u00e1rea de parqueo, se construy\u00f3 un pozo de agua, se adquirieron pararrayos, se ampli\u00f3 el sal\u00f3n del Bar y Restaurante del tercer nivel, y su plataforma permiti\u00f3 independizar el sal\u00f3n del segundo nivel; se techaron dos canchas de tenis y se realiz\u00f3 la compra de un terreno aleda\u00f1o.<\/p>\n<p>El Concepto de INTEGRACION con que fue creado el Club ha permitido consolidar la Sociedad. La grandeza del Club est\u00e1 en sus socios, en los dirigentes, los trabajadores, porque, integrados se practica lo que la integridad significa: mancomuni\u00f3n de prop\u00f3sitos, rectitud, entereza y conciencia de lo que se proyecta, se tiene y se pretende.<\/p>\n<div class=\"misionVision tt\">\n<div class=\"info1\">\n<h4>Misi\u00f3n<\/h4>\n<p>Existimos para la integraci\u00f3n entre los socios y sus familias, con una prolongaci\u00f3n de su hogar, ofreciendo un ambiente exclusivo y seguro, en armon\u00eda con la naturaleza.<\/p>\n<\/div>\n<div class=\"info2\">\n<h4>Visi\u00f3n<\/h4>\n<p>Desarrollarse como Club social, de monta\u00f1a y familiar por excelencia, satisfaciendo integralmente los gustos y preferencias de los socios y sus familias, de acuerdo con nuestros valores corporativos<\/p>\n<\/div>\n<\/div>\n<div class=\"espaciadorSolo\"><\/div>\n<p class=\"indiSubtitle\"><span>VALORES<\/span> <span>CORPORATIVOS<\/span><\/p>\n<div class=\"destacado\">\n<p class=\"contSpan\"><span>Respeto<\/span><br \/>\n<span>y Equidad<\/span><\/p>\n<p class=\"italicDestacado\">Fomentamos el respeto y armon\u00eda entre los socios y el personal, dando un trato digno a todas las personas y valorando sus diferencias.<\/p>\n<\/div>\n<div class=\"destacado\">\n<p class=\"contSpan\"><span>Integridad <\/span><\/p>\n<p class=\"italicDestacado\">Actuamos y actuaremos siempre, regidos por claros principios morales, \u00e9ticos y legales, siendo coherentes entre lo que pensamos, decimos y hacemos.<\/p>\n<\/div>\n<div class=\"destacado\">\n<p class=\"contSpan\"><span>Seguridad<\/span><\/p>\n<p class=\"italicDestacado\">Hacemos y haremos siempre nuestro mejor esfuerzo para brindar protecci\u00f3n a los socios, sus familias, visitantes y nuestro personal en las instalaciones exclusivas. Pedimos el respeto a las normas y regulaciones, para lograr el bienestar de todos.<\/p>\n<\/div>\n<div class=\"destacado\">\n<p class=\"contSpan\"><span>Proactividad<\/span><\/p>\n<p class=\"italicDestacado\">Nuestros directivos y nuestro personal tienen mentalidad y esp\u00edritu emprendedor, que nos permite actuar con iniciativa y responsabilidad para lograr el bienestar com\u00fan.<\/p>\n<\/div>\n<div class=\"destacado\">\n<p class=\"contSpan\"><span>Sentido de<\/span><br \/>\n<span>Pertenencia<\/span><\/p>\n<p class=\"italicDestacado\">Nuestro personal y nuestros socios comparten el orgullo de ser parte del CASTILLO COUNTRY CLUB y nos une el respeto por la naturaleza, la dignidad de las personas, la urbanidad y el civismo.<\/p>\n<\/div>\n","protected":false},"excerpt":{"rendered":"<p>Filosof\u00cda corporativa En una zona privilegiada en Los \u00c1ngeles de San Rafael de Heredia en un \u00e1rea de 26.5 hect\u00e1reas, rodeada por pinos y cipreses, se alojan, entre otras cosas: La Casa Club, sus instalaciones cubiertas incluyen dos piscinas con calefacci\u00f3n, una para adultos y otra para ni\u00f1os, SPA, ba\u00f1os, saunas, sala de juegos, gimnasio &hellip; <a href=\"https:\/\/castillo.cr\/contenido\/filosofia-corporativa\/\" class=\"more-link\">Seguir leyendo <span class=\"screen-reader-text\">Filosof\u00eda corporativa<\/span> <span class=\"meta-nav\">&rarr;<\/span><\/a><\/p>\n","protected":false},"author":1,"featured_media":0,"parent":0,"menu_order":0,"comment_status":"open","ping_status":"open","template":"","meta":{"_acf_changed":false,"footnotes":""},"class_list":["post-1230","page","type-page","status-publish","hentry"],"acf":[],"aioseo_notices":[],"_links":{"self":[{"href":"https:\/\/castillo.cr\/contenido\/wp-json\/wp\/v2\/pages\/1230","targetHints":{"allow":["GET"]}}],"collection":[{"href":"https:\/\/castillo.cr\/contenido\/wp-json\/wp\/v2\/pages"}],"about":[{"href":"https:\/\/castillo.cr\/contenido\/wp-json\/wp\/v2\/types\/page"}],"author":[{"embeddable":true,"href":"https:\/\/castillo.cr\/contenido\/wp-json\/wp\/v2\/users\/1"}],"replies":[{"embeddable":true,"href":"https:\/\/castillo.cr\/contenido\/wp-json\/wp\/v2\/comments?post=1230"}],"version-history":[{"count":8,"href":"https:\/\/castillo.cr\/contenido\/wp-json\/wp\/v2\/pages\/1230\/revisions"}],"predecessor-version":[{"id":24048,"href":"https:\/\/castillo.cr\/contenido\/wp-json\/wp\/v2\/pages\/1230\/revisions\/24048"}],"wp:attachment":[{"href":"https:\/\/castillo.cr\/contenido\/wp-json\/wp\/v2\/media?parent=1230"}],"curies":[{"name":"wp","href":"https:\/\/api.w.org\/{rel}","templated":true}]}}