{"id":13677,"date":"2017-09-22T13:45:33","date_gmt":"2017-09-22T19:45:33","guid":{"rendered":"https:\/\/castillo.cr\/contenido\/?page_id=13677"},"modified":"2023-12-26T17:43:10","modified_gmt":"2023-12-26T23:43:10","slug":"horario-patinaje","status":"publish","type":"page","link":"https:\/\/castillo.cr\/contenido\/horario-patinaje\/","title":{"rendered":"Horario Patinaje"},"content":{"rendered":"<p><strong>Horarios Temporada Alta<\/strong><\/p>\n<p>&nbsp;<\/p>\n<p><strong>Alquiler de patines<\/strong><\/p>\n<p>Lunes a S\u00e1bado<\/p>\n<p>10:00 a.m. a 3:00 p.m.<\/p>\n<p><strong>Limpieza de pista<\/strong><\/p>\n<p>Lunes a S\u00e1bado<\/p>\n<p>3:00 p.m. a 4:00 p.m.<\/p>\n<p><b>Alquiler de patines<\/b><\/p>\n<p>Lunes a S\u00e1bado<\/p>\n<p>4:00 p.m. a 8:00 p.m.<\/p>\n<p>&nbsp;<\/p>\n<p>&nbsp;<\/p>\n<p>&nbsp;<\/p>\n","protected":false},"excerpt":{"rendered":"<p>Horarios Temporada Alta &nbsp; Alquiler de patines Lunes a S\u00e1bado 10:00 a.m. a 3:00 p.m. Limpieza de pista Lunes a S\u00e1bado 3:00 p.m. a 4:00 p.m. Alquiler de patines Lunes a S\u00e1bado 4:00 p.m. a 8:00 p.m. &nbsp; &nbsp; &nbsp;<\/p>\n","protected":false},"author":1,"featured_media":0,"parent":0,"menu_order":0,"comment_status":"open","ping_status":"open","template":"","meta":{"_acf_changed":false,"footnotes":""},"class_list":["post-13677","page","type-page","status-publish","hentry"],"acf":[],"aioseo_notices":[],"_links":{"self":[{"href":"https:\/\/castillo.cr\/contenido\/wp-json\/wp\/v2\/pages\/13677","targetHints":{"allow":["GET"]}}],"collection":[{"href":"https:\/\/castillo.cr\/contenido\/wp-json\/wp\/v2\/pages"}],"about":[{"href":"https:\/\/castillo.cr\/contenido\/wp-json\/wp\/v2\/types\/page"}],"author":[{"embeddable":true,"href":"https:\/\/castillo.cr\/contenido\/wp-json\/wp\/v2\/users\/1"}],"replies":[{"embeddable":true,"href":"https:\/\/castillo.cr\/contenido\/wp-json\/wp\/v2\/comments?post=13677"}],"version-history":[{"count":11,"href":"https:\/\/castillo.cr\/contenido\/wp-json\/wp\/v2\/pages\/13677\/revisions"}],"predecessor-version":[{"id":22887,"href":"https:\/\/castillo.cr\/contenido\/wp-json\/wp\/v2\/pages\/13677\/revisions\/22887"}],"wp:attachment":[{"href":"https:\/\/castillo.cr\/contenido\/wp-json\/wp\/v2\/media?parent=13677"}],"curies":[{"name":"wp","href":"https:\/\/api.w.org\/{rel}","templated":true}]}}