{"id":149,"date":"2014-03-07T20:45:10","date_gmt":"2014-03-07T20:45:10","guid":{"rendered":"https:\/\/castillo.cr\/contenido\/?page_id=149"},"modified":"2024-01-12T11:13:55","modified_gmt":"2024-01-12T17:13:55","slug":"preguntas-frecuentes","status":"publish","type":"page","link":"https:\/\/castillo.cr\/contenido\/preguntas-frecuentes\/","title":{"rendered":"Preguntas Frecuentes"},"content":{"rendered":"<p class=\"indiSubtitle\">\u00bfCON QUI\u00c9N DEBO HABLAR PARA REALIZAR UN EVENTO?<\/p>\n<p>Para la realizaci\u00f3n de eventos especiales en el Castillo Country Club usted puede comunicarse con nuestras ejecutivas de eventos al tel\u00e9fono 2267-7111. Ext. 256 o 180, a los correos electr\u00f3nicos&nbsp;<a href=\"mailtorchaves@castillo.cr\">rchaves@castillo.cr<\/a>&nbsp;\u00f3 <a href=\"mailto:jvillalobos@castillo.cr\">jvillalobos@castillo.cr<\/a><\/p>\n<p class=\"indiSubtitle\">\u00bfPUEDO REALIZAR UN EVENTO SI NO SOY SOCIO?<\/p>\n<p class=\"indiSubtitle\">S\u00ed, usted puede realizar eventos personales o corporativos en el Castillo, sin necesidad de ser socio, solamente debe comunicarse al Departamento de Eventos Especiales y solicitar su cotizaci\u00f3n.<\/p>\n<p><a href=\"https:\/\/castillo.cr\/contenido\/wp-content\/uploads\/2024\/01\/Comunicado-devoluci\u00f3n-de-ranchos_Mail-copia-1.jpg\">Devoluci\u00f3n de Ranchos<\/a><\/p>\n<p><a href=\"https:\/\/castillo.cr\/contenido\/wp-content\/uploads\/2024\/01\/Comunicado-devoluci\u00f3n-de-ranchos_Mail-copia-1.jpg\"><img loading=\"lazy\" decoding=\"async\" class=\"aligncenter wp-image-23049 size-large\" style=\"margin-top: 0.857143rem; margin-bottom: 0.857143rem;\" src=\"https:\/\/castillo.cr\/contenido\/wp-content\/uploads\/2024\/01\/Comunicado-devoluci\u00f3n-de-ranchos_Mail-copia-1-819x1024.jpg\" alt=\"\" width=\"625\" height=\"781\" srcset=\"https:\/\/castillo.cr\/contenido\/wp-content\/uploads\/2024\/01\/Comunicado-devoluci\u00f3n-de-ranchos_Mail-copia-1-819x1024.jpg 819w, https:\/\/castillo.cr\/contenido\/wp-content\/uploads\/2024\/01\/Comunicado-devoluci\u00f3n-de-ranchos_Mail-copia-1-240x300.jpg 240w, https:\/\/castillo.cr\/contenido\/wp-content\/uploads\/2024\/01\/Comunicado-devoluci\u00f3n-de-ranchos_Mail-copia-1-768x960.jpg 768w, https:\/\/castillo.cr\/contenido\/wp-content\/uploads\/2024\/01\/Comunicado-devoluci\u00f3n-de-ranchos_Mail-copia-1-624x780.jpg 624w\" sizes=\"auto, (max-width: 625px) 100vw, 625px\" \/><\/a><\/p>\n<p>&nbsp;<\/p>\n","protected":false},"excerpt":{"rendered":"<p>\u00bfCON QUI\u00c9N DEBO HABLAR PARA REALIZAR UN EVENTO? Para la realizaci\u00f3n de eventos especiales en el Castillo Country Club usted puede comunicarse con nuestras ejecutivas de eventos al tel\u00e9fono 2267-7111. Ext. 256 o 180, a los correos electr\u00f3nicos&nbsp;rchaves@castillo.cr&nbsp;\u00f3 jvillalobos@castillo.cr \u00bfPUEDO REALIZAR UN EVENTO SI NO SOY SOCIO? S\u00ed, usted puede realizar eventos personales o corporativos &hellip; <a href=\"https:\/\/castillo.cr\/contenido\/preguntas-frecuentes\/\" class=\"more-link\">Seguir leyendo <span class=\"screen-reader-text\">Preguntas Frecuentes<\/span> <span class=\"meta-nav\">&rarr;<\/span><\/a><\/p>\n","protected":false},"author":1,"featured_media":0,"parent":0,"menu_order":0,"comment_status":"open","ping_status":"open","template":"","meta":{"_acf_changed":false,"footnotes":""},"class_list":["post-149","page","type-page","status-publish","hentry"],"acf":[],"aioseo_notices":[],"_links":{"self":[{"href":"https:\/\/castillo.cr\/contenido\/wp-json\/wp\/v2\/pages\/149","targetHints":{"allow":["GET"]}}],"collection":[{"href":"https:\/\/castillo.cr\/contenido\/wp-json\/wp\/v2\/pages"}],"about":[{"href":"https:\/\/castillo.cr\/contenido\/wp-json\/wp\/v2\/types\/page"}],"author":[{"embeddable":true,"href":"https:\/\/castillo.cr\/contenido\/wp-json\/wp\/v2\/users\/1"}],"replies":[{"embeddable":true,"href":"https:\/\/castillo.cr\/contenido\/wp-json\/wp\/v2\/comments?post=149"}],"version-history":[{"count":53,"href":"https:\/\/castillo.cr\/contenido\/wp-json\/wp\/v2\/pages\/149\/revisions"}],"predecessor-version":[{"id":23052,"href":"https:\/\/castillo.cr\/contenido\/wp-json\/wp\/v2\/pages\/149\/revisions\/23052"}],"wp:attachment":[{"href":"https:\/\/castillo.cr\/contenido\/wp-json\/wp\/v2\/media?parent=149"}],"curies":[{"name":"wp","href":"https:\/\/api.w.org\/{rel}","templated":true}]}}