{"id":17218,"date":"2019-02-22T08:14:23","date_gmt":"2019-02-22T14:14:23","guid":{"rendered":"https:\/\/castillo.cr\/contenido\/?page_id=17218"},"modified":"2022-05-24T17:26:58","modified_gmt":"2022-05-24T23:26:58","slug":"piscina-semiolimpica","status":"publish","type":"page","link":"https:\/\/castillo.cr\/contenido\/piscina-semiolimpica\/","title":{"rendered":"Horario Piscina Semiol\u00edmpica"},"content":{"rendered":"<p>&nbsp;<\/p>\n<p style=\"text-align: center;\"><a href=\"https:\/\/castillo.cr\/contenido\/wp-content\/uploads\/2019\/05\/REGLAMENTO-PISCINA-SEMIOLIMPICA-convertido.pdf\">Descargue AQU\u00cd el reglamento de la piscina semiol\u00edmpica<\/a><a href=\"https:\/\/castillo.cr\/contenido\/wp-content\/uploads\/2019\/04\/Reglamento-Piscina-PDF.pdf\"><br \/>\n<\/a><\/p>\n<p><a href=\"https:\/\/castillo.cr\/contenido\/wp-content\/uploads\/2019\/02\/HorarioPiscinaSemiOlimpica.pdf\"><img loading=\"lazy\" decoding=\"async\" class=\"alignnone wp-image-21700 size-full\" src=\"https:\/\/castillo.cr\/contenido\/wp-content\/uploads\/2019\/02\/HorarioPiscina-e1653434719957.png\" alt=\"\" width=\"800\" height=\"800\"><\/a><\/p>\n<p style=\"text-align: center;\"><a href=\"https:\/\/castillo.cr\/contenido\/wp-content\/uploads\/2019\/02\/HorarioPiscinaSemiOlimpica.pdf\">Descargar Horario de Piscina Semi Ol\u00edmpica<\/a><\/p>\n","protected":false},"excerpt":{"rendered":"<p>&nbsp; Descargue AQU\u00cd el reglamento de la piscina semiol\u00edmpica Descargar Horario de Piscina Semi Ol\u00edmpica<\/p>\n","protected":false},"author":1,"featured_media":0,"parent":0,"menu_order":0,"comment_status":"closed","ping_status":"closed","template":"","meta":{"_acf_changed":false,"footnotes":""},"class_list":["post-17218","page","type-page","status-publish","hentry"],"acf":[],"aioseo_notices":[],"_links":{"self":[{"href":"https:\/\/castillo.cr\/contenido\/wp-json\/wp\/v2\/pages\/17218","targetHints":{"allow":["GET"]}}],"collection":[{"href":"https:\/\/castillo.cr\/contenido\/wp-json\/wp\/v2\/pages"}],"about":[{"href":"https:\/\/castillo.cr\/contenido\/wp-json\/wp\/v2\/types\/page"}],"author":[{"embeddable":true,"href":"https:\/\/castillo.cr\/contenido\/wp-json\/wp\/v2\/users\/1"}],"replies":[{"embeddable":true,"href":"https:\/\/castillo.cr\/contenido\/wp-json\/wp\/v2\/comments?post=17218"}],"version-history":[{"count":14,"href":"https:\/\/castillo.cr\/contenido\/wp-json\/wp\/v2\/pages\/17218\/revisions"}],"predecessor-version":[{"id":21702,"href":"https:\/\/castillo.cr\/contenido\/wp-json\/wp\/v2\/pages\/17218\/revisions\/21702"}],"wp:attachment":[{"href":"https:\/\/castillo.cr\/contenido\/wp-json\/wp\/v2\/media?parent=17218"}],"curies":[{"name":"wp","href":"https:\/\/api.w.org\/{rel}","templated":true}]}}