{"id":88,"date":"2014-03-07T19:27:49","date_gmt":"2014-03-07T19:27:49","guid":{"rendered":"https:\/\/castillo.cr\/contenido\/?page_id=88"},"modified":"2025-01-06T14:35:35","modified_gmt":"2025-01-06T20:35:35","slug":"cuota-de-mantenimiento","status":"publish","type":"page","link":"https:\/\/castillo.cr\/contenido\/cuota-de-mantenimiento\/","title":{"rendered":"Cuota  de Mantenimiento"},"content":{"rendered":"<p class=\"indiSubtitle\" style=\"text-align: center;\">Cancele sus cuotas de mantenimiento por medio del sistema de Pagos en L\u00ednea<\/p>\n<p class=\"indiSubtitle\" style=\"text-align: center;\"><a href=\"https:\/\/www.pagoscastillo.com\/\"><img loading=\"lazy\" decoding=\"async\" class=\"size-full wp-image-4742 aligncenter\" src=\"https:\/\/castillo.cr\/contenido\/wp-content\/uploads\/2014\/03\/BANNER.jpg\" alt=\"BANNER\" width=\"350\" height=\"120\"><\/a><\/p>\n<p class=\"indiSubtitle\" style=\"text-align: center;\"><strong><a href=\"https:\/\/www.pagoscastillo.com\/\">PARA REALIZAR SUS PAGOS EN L\u00cdNEA HAGA CLICK AQU\u00cd.<\/a><br \/>\n<\/strong><\/p>\n<p class=\"indiSubtitle\">a. Informaci\u00f3n general (tel\u00e9fono, email)<\/p>\n<p>Si desea comunicarse con alguno de los agentes de cobro puede localizarlos a trav\u00e9s de los siguientes n\u00fameros de tel\u00e9fono: 2267-7610, 2267-7111 ext. 250. Correo: <a href=\"mailto:cobros@castillo.cr\">cobros@castillo.cr<\/a> , se considera un socio moroso al acumular 1 cuota pendiente.<\/p>\n<p class=\"indiSubtitle\">b. Incentivos por pronto pago<\/p>\n<p>Se acreditar\u00e1n cuatro tiquetes \u00f3 derechos de visita de invitados mensualmente por cada mes cancelado, dichos tiquetes no tienen vencimiento y uno de ellos para uso de \u00e1reas restringidas. Al cancelar mes adelantado se le otorga un tiquete adicional para el uso de las \u00e1reas verdes.<\/p>\n<p>Si usted cancela anualmente, se le acreditar\u00e1 a su estado de cuenta de tiquetes virtuales 60 derechos de visita que no tienen fecha de vencimiento, estos le incluyen 12 tiquetes para uso de \u00e1reas restringidas. Dicho pago exonera del incremento semestral que se realiza a la cuota de mantenimiento.<\/p>\n<p class=\"indiSubtitle\">c. Formas de Pago<\/p>\n<p><strong>Transferencias, cheques y efectivo<\/strong><\/p>\n<p>Las cuota de mantenimiento el socio podr\u00e1 cancelarla a trav\u00e9s de transferencia bancaria, tarjeta de cr\u00e9dito\/d\u00e9bito o pagando directamente en las cajas del Club.<\/p>\n<p>Para transferencias bancarias puede realizarlo en cualquiera de las siguientes cuentas:<\/p>\n<p>BAC San Jos\u00e9 Colones, cuenta <strong>905407144<\/strong>, cuenta cliente <strong>10200009054071441<\/strong><\/p>\n<p>BAC San Jos\u00e9 D\u00f3lares, cuenta <strong>912539095<\/strong>, cuenta cliente <strong>10200009125390953<\/strong><\/p>\n<p>&nbsp;<\/p>\n<p>BCR Colones, cuenta <strong>001-0031681-4<\/strong>, cuenta cliente <strong>15201001003168145<\/strong><\/p>\n<p>BCR Colones, cuenta <strong>001-0040788-7<\/strong>, cuenta cliente <strong>15201001004078875<\/strong><\/p>\n<p><strong>Sistema de Pagos en L\u00ednea&nbsp;<\/strong><\/p>\n<p>Registre se en el sistema de pagos en l\u00ednea mediante el siguiente link&nbsp;<span style=\"text-decoration: underline;\"><a href=\"https:\/\/www.pagoscastillo.com\">https:\/\/www.pagoscastillo.com<\/a>&nbsp;<\/span><\/p>\n<p class=\"indiSubtitle\">d. Consulte su saldo.<\/p>\n<p><strong>Conectividad con Bancos<\/strong><br \/>\nEl socio debe tener una cuenta activa con el Banco Nacional o del BAC San Jos\u00e9 e ingresar a trav\u00e9s del siguiente link<\/p>\n<p><a href=\"https:\/\/www.bac.net\/bacsanjose\/esp\/banco\/index.html\" target=\"_blank\" rel=\"noopener\"><span style=\"text-decoration: underline;\">https:\/\/www.bac.net\/bacsanjose\/esp\/banco\/index.html<\/span><\/a><\/p>\n","protected":false},"excerpt":{"rendered":"<p>Cancele sus cuotas de mantenimiento por medio del sistema de Pagos en L\u00ednea PARA REALIZAR SUS PAGOS EN L\u00cdNEA HAGA CLICK AQU\u00cd. a. Informaci\u00f3n general (tel\u00e9fono, email) Si desea comunicarse con alguno de los agentes de cobro puede localizarlos a trav\u00e9s de los siguientes n\u00fameros de tel\u00e9fono: 2267-7610, 2267-7111 ext. 250. Correo: cobros@castillo.cr , se &hellip; <a href=\"https:\/\/castillo.cr\/contenido\/cuota-de-mantenimiento\/\" class=\"more-link\">Seguir leyendo <span class=\"screen-reader-text\">Cuota  de Mantenimiento<\/span> <span class=\"meta-nav\">&rarr;<\/span><\/a><\/p>\n","protected":false},"author":1,"featured_media":0,"parent":0,"menu_order":0,"comment_status":"open","ping_status":"open","template":"","meta":{"_acf_changed":false,"footnotes":""},"class_list":["post-88","page","type-page","status-publish","hentry"],"acf":[],"aioseo_notices":[],"_links":{"self":[{"href":"https:\/\/castillo.cr\/contenido\/wp-json\/wp\/v2\/pages\/88","targetHints":{"allow":["GET"]}}],"collection":[{"href":"https:\/\/castillo.cr\/contenido\/wp-json\/wp\/v2\/pages"}],"about":[{"href":"https:\/\/castillo.cr\/contenido\/wp-json\/wp\/v2\/types\/page"}],"author":[{"embeddable":true,"href":"https:\/\/castillo.cr\/contenido\/wp-json\/wp\/v2\/users\/1"}],"replies":[{"embeddable":true,"href":"https:\/\/castillo.cr\/contenido\/wp-json\/wp\/v2\/comments?post=88"}],"version-history":[{"count":41,"href":"https:\/\/castillo.cr\/contenido\/wp-json\/wp\/v2\/pages\/88\/revisions"}],"predecessor-version":[{"id":23674,"href":"https:\/\/castillo.cr\/contenido\/wp-json\/wp\/v2\/pages\/88\/revisions\/23674"}],"wp:attachment":[{"href":"https:\/\/castillo.cr\/contenido\/wp-json\/wp\/v2\/media?parent=88"}],"curies":[{"name":"wp","href":"https:\/\/api.w.org\/{rel}","templated":true}]}}