{"id":94,"date":"2014-03-07T19:54:02","date_gmt":"2014-03-07T19:54:02","guid":{"rendered":"https:\/\/castillo.cr\/contenido\/?page_id=94"},"modified":"2025-01-06T14:39:59","modified_gmt":"2025-01-06T20:39:59","slug":"contactenos","status":"publish","type":"page","link":"https:\/\/castillo.cr\/contenido\/contactenos\/","title":{"rendered":"Cont\u00e1ctenos"},"content":{"rendered":"<p><strong>Tel\u00e9fono.<\/strong> 2267-7111<\/p>\n<p><strong>Email:<\/strong><a href=\"mailto:info@castillo.cr\"> info@castillo.cr<\/a><\/p>\n<p><strong>S\u00edganos en Facebook:&nbsp;<\/strong><span style=\"text-decoration: underline; color: #3366ff;\"><a href=\"https:\/\/www.facebook.com\/CastilloCountryClub\/\"><span style=\"color: #3366ff; text-decoration: underline;\">https:\/\/www.facebook.com\/CastilloCountryClub\/<\/span><\/a><\/span><br \/>\n<strong>S\u00edganos en Instagram:&nbsp;<\/strong><span style=\"text-decoration: underline; color: #3366ff;\"><a href=\"https:\/\/www.facebook.com\/CastilloCountryClub\/\"><span style=\"color: #3366ff; text-decoration: underline;\">https:\/\/www.instagram.com\/castillocountryclub\/<\/span><\/a><\/span><\/p>\n<p><strong>Direcci\u00f3n:<\/strong> 5,7 kil\u00f3metros norte de la iglesia cat\u00f3lica de San Rafael de Heredia.<\/p>\n","protected":false},"excerpt":{"rendered":"<p>Tel\u00e9fono. 2267-7111 Email: info@castillo.cr S\u00edganos en Facebook:&nbsp;https:\/\/www.facebook.com\/CastilloCountryClub\/ S\u00edganos en Instagram:&nbsp;https:\/\/www.instagram.com\/castillocountryclub\/ Direcci\u00f3n: 5,7 kil\u00f3metros norte de la iglesia cat\u00f3lica de San Rafael de Heredia.<\/p>\n","protected":false},"author":1,"featured_media":0,"parent":0,"menu_order":0,"comment_status":"open","ping_status":"open","template":"","meta":{"_acf_changed":false,"footnotes":""},"class_list":["post-94","page","type-page","status-publish","hentry"],"acf":[],"aioseo_notices":[],"_links":{"self":[{"href":"https:\/\/castillo.cr\/contenido\/wp-json\/wp\/v2\/pages\/94","targetHints":{"allow":["GET"]}}],"collection":[{"href":"https:\/\/castillo.cr\/contenido\/wp-json\/wp\/v2\/pages"}],"about":[{"href":"https:\/\/castillo.cr\/contenido\/wp-json\/wp\/v2\/types\/page"}],"author":[{"embeddable":true,"href":"https:\/\/castillo.cr\/contenido\/wp-json\/wp\/v2\/users\/1"}],"replies":[{"embeddable":true,"href":"https:\/\/castillo.cr\/contenido\/wp-json\/wp\/v2\/comments?post=94"}],"version-history":[{"count":31,"href":"https:\/\/castillo.cr\/contenido\/wp-json\/wp\/v2\/pages\/94\/revisions"}],"predecessor-version":[{"id":23676,"href":"https:\/\/castillo.cr\/contenido\/wp-json\/wp\/v2\/pages\/94\/revisions\/23676"}],"wp:attachment":[{"href":"https:\/\/castillo.cr\/contenido\/wp-json\/wp\/v2\/media?parent=94"}],"curies":[{"name":"wp","href":"https:\/\/api.w.org\/{rel}","templated":true}]}}